{"id":3122,"date":"2024-08-11T17:35:41","date_gmt":"2024-08-11T17:35:41","guid":{"rendered":"https:\/\/fotobrok.nl\/?page_id=3122"},"modified":"2024-11-14T14:57:37","modified_gmt":"2024-11-14T14:57:37","slug":"voorbeelden-pagina","status":"publish","type":"page","link":"https:\/\/fotobrok.nl\/index.php\/inloggen\/familie\/brok-verhoeven\/2000-feest-1-oktober\/voorbeelden-pagina\/","title":{"rendered":"Oom Jan danst"},"content":{"rendered":"<style>.wp-block-kadence-advancedbtn.kb-btns3122_c13a24-1a{gap:var(--global-kb-gap-xs, 0.5rem );justify-content:flex-end;align-items:center;}.kt-btns3122_c13a24-1a .kt-button{font-weight:normal;font-style:normal;}.kt-btns3122_c13a24-1a .kt-btn-wrap-0{margin-right:5px;}.wp-block-kadence-advancedbtn.kt-btns3122_c13a24-1a .kt-btn-wrap-0 .kt-button{color:#555555;border-color:#555555;}.wp-block-kadence-advancedbtn.kt-btns3122_c13a24-1a .kt-btn-wrap-0 .kt-button:hover, .wp-block-kadence-advancedbtn.kt-btns3122_c13a24-1a .kt-btn-wrap-0 .kt-button:focus{color:#ffffff;border-color:#444444;}.wp-block-kadence-advancedbtn.kt-btns3122_c13a24-1a .kt-btn-wrap-0 .kt-button::before{display:none;}.wp-block-kadence-advancedbtn.kt-btns3122_c13a24-1a .kt-btn-wrap-0 .kt-button:hover, .wp-block-kadence-advancedbtn.kt-btns3122_c13a24-1a .kt-btn-wrap-0 .kt-button:focus{background:#444444;}<\/style>\n<div class=\"wp-block-kadence-advancedbtn kb-buttons-wrap kb-btns3122_c13a24-1a\"><style>.wp-block-kadence-advancedbtn .kb-btn3122_f317cf-8d.kb-button, ul.menu .wp-block-kadence-advancedbtn .kb-btn3122_f317cf-8d.kb-button{width:130px;}.wp-block-kadence-advancedbtn .kb-btn3122_f317cf-8d.kb-button{color:#646464;background:#b4b496;font-size:var(--global-kb-font-size-sm, 0.9rem);letter-spacing:1px;font-family:'ZCOOL KuaiLe';font-weight:400;border-top-left-radius:10px;border-top-right-radius:10px;border-bottom-right-radius:10px;border-bottom-left-radius:10px;border-top:2px solid #646464;border-right:2px solid #646464;border-bottom:2px solid #646464;border-left:2px solid #646464;}.kb-btn3122_f317cf-8d.kb-button .kb-svg-icon-wrap{color:#0a96fa;font-size:25px;--kb-button-icon-size:25px;}.kb-btn3122_f317cf-8d.kb-button:hover .kb-svg-icon-wrap, .kb-btn3122_f317cf-8d.kb-button:focus .kb-svg-icon-wrap{color:#d23232;}.wp-block-kadence-advancedbtn .kb-btn3122_f317cf-8d.kb-button:hover, .wp-block-kadence-advancedbtn .kb-btn3122_f317cf-8d.kb-button:focus{color:#646464;background:#b4b496;border-top-left-radius:15px;border-top-right-radius:10px;border-bottom-right-radius:10px;border-bottom-left-radius:15px;border-top:2px solid #646464;border-right:2px solid #646464;border-bottom:2px solid #646464;border-left:2px solid #646464;}@media all and (max-width: 1024px){.wp-block-kadence-advancedbtn .kb-btn3122_f317cf-8d.kb-button{border-top:2px solid #646464;border-right:2px solid #646464;border-bottom:2px solid #646464;border-left:2px solid #646464;}}@media all and (max-width: 1024px){.wp-block-kadence-advancedbtn .kb-btn3122_f317cf-8d.kb-button:hover, .wp-block-kadence-advancedbtn .kb-btn3122_f317cf-8d.kb-button:focus{border-top:2px solid #646464;border-right:2px solid #646464;border-bottom:2px solid #646464;border-left:2px solid #646464;}}@media all and (max-width: 767px){.wp-block-kadence-advancedbtn .kb-btn3122_f317cf-8d.kb-button{border-top:2px solid #646464;border-right:2px solid #646464;border-bottom:2px solid #646464;border-left:2px solid #646464;}.wp-block-kadence-advancedbtn .kb-btn3122_f317cf-8d.kb-button:hover, .wp-block-kadence-advancedbtn .kb-btn3122_f317cf-8d.kb-button:focus{border-top:2px solid #646464;border-right:2px solid #646464;border-bottom:2px solid #646464;border-left:2px solid #646464;}}<\/style><a class=\"kb-button kt-button button kb-btn3122_f317cf-8d kt-btn-size-small kt-btn-width-type-fixed kb-btn-global-inherit  kt-btn-has-text-true kt-btn-has-svg-true  wp-block-button__link wp-block-kadence-singlebtn\" href=\"https:\/\/fotobrok.nl\/index.php\/inloggen\/familie-brok\/brok-verhoeven\/2000-feest-1-oktober\/\" rel=\" nofollow\"><span class=\"kb-svg-icon-wrap kb-svg-icon-fe_cornerUpLeft kt-btn-icon-side-left\"><svg viewBox=\"0 0 24 24\"  fill=\"none\" stroke=\"currentColor\" stroke-width=\"2\" stroke-linecap=\"round\" stroke-linejoin=\"round\" xmlns=\"http:\/\/www.w3.org\/2000\/svg\"  aria-hidden=\"true\"><polyline points=\"9 14 4 9 9 4\"\/><path d=\"M20 20v-7a4 4 0 0 0-4-4H4\"\/><\/svg><\/span><span class=\"kt-btn-inner-text\">Terug<\/span><\/a><\/div>\n\n\n\n<figure class=\"wp-block-video\"><video height=\"288\" style=\"aspect-ratio: 352 \/ 288;\" width=\"352\" controls src=\"https:\/\/fotobrok.nl\/wp-content\/uploads\/2024\/09\/Oom_Jan_danst.mp4\"><\/video><\/figure>\n\n\n\n<p class=\"has-text-align-center\"><strong>Muziek: \u015e\u0131mar\u0131k van Tarkan<\/strong><\/p>\n","protected":false},"excerpt":{"rendered":"<p>Muziek: \u015e\u0131mar\u0131k van Tarkan<\/p>\n","protected":false},"author":1,"featured_media":0,"parent":10010,"menu_order":1,"comment_status":"closed","ping_status":"closed","template":"","meta":{"footnotes":""},"class_list":["post-3122","page","type-page","status-publish","hentry"],"_links":{"self":[{"href":"https:\/\/fotobrok.nl\/index.php\/wp-json\/wp\/v2\/pages\/3122","targetHints":{"allow":["GET"]}}],"collection":[{"href":"https:\/\/fotobrok.nl\/index.php\/wp-json\/wp\/v2\/pages"}],"about":[{"href":"https:\/\/fotobrok.nl\/index.php\/wp-json\/wp\/v2\/types\/page"}],"author":[{"embeddable":true,"href":"https:\/\/fotobrok.nl\/index.php\/wp-json\/wp\/v2\/users\/1"}],"replies":[{"embeddable":true,"href":"https:\/\/fotobrok.nl\/index.php\/wp-json\/wp\/v2\/comments?post=3122"}],"version-history":[{"count":20,"href":"https:\/\/fotobrok.nl\/index.php\/wp-json\/wp\/v2\/pages\/3122\/revisions"}],"predecessor-version":[{"id":10035,"href":"https:\/\/fotobrok.nl\/index.php\/wp-json\/wp\/v2\/pages\/3122\/revisions\/10035"}],"up":[{"embeddable":true,"href":"https:\/\/fotobrok.nl\/index.php\/wp-json\/wp\/v2\/pages\/10010"}],"wp:attachment":[{"href":"https:\/\/fotobrok.nl\/index.php\/wp-json\/wp\/v2\/media?parent=3122"}],"curies":[{"name":"wp","href":"https:\/\/api.w.org\/{rel}","templated":true}]}}